{"id":880,"date":"2015-08-27T10:12:10","date_gmt":"2015-08-27T10:12:10","guid":{"rendered":"http:\/\/quanticalabs.com\/wptest\/carservice\/?page_id=880"},"modified":"2018-08-18T17:10:32","modified_gmt":"2018-08-18T15:10:32","slug":"appointment","status":"publish","type":"page","link":"https:\/\/www.stonis-garage.de\/?page_id=880","title":{"rendered":"Probefahrt"},"content":{"rendered":"<p>[vc_row top_margin=&#8220;page-margin-top&#8220;][vc_column]<h2 class=\" box-header\">Terminanfrage f\u00fcr eine Probefahrt<\/h2>[vc_column_text el_class=&#8220;description align-center&#8220;]Hier k\u00f6nnen Sie ganz bequem weiteres Informationsmaterial anfordern und ein Probefahrttermin vereinbaren.<br \/>\nNach \u00dcberpr\u00fcfung und Verf\u00fcgbarkeit des gew\u00fcnschten Fahrzeugs werden wir uns schnellstm\u00f6glich mit Ihnen in Verbindung setzen.[\/vc_column_text][\/vc_column][\/vc_row][vc_row type=&#8220;cost-calculator-container&#8220; top_margin=&#8220;page-margin-top&#8220; el_class=&#8220;padding-bottom-66&#8243;][vc_column][vc_row_inner disable_element=&#8220;yes&#8220;][vc_column_inner width=&#8220;1\/3&#8243;]<div class=\"cost-calculator-box cost-calculator-clearfix\"><label>VEHICLE YEAR<\/label>\r\n\t\t<input type=\"hidden\" name=\"vehicle-year-label\" value=\"VEHICLE YEAR\"><div class=\"cost-slider-container\">\r\n\t\t\t<input id=\"vehicle-year\" class=\"cost-calculator-cost-slider-input\" name=\"vehicle-year\" type=\"number\" value=\"2008\" step=\"1\"><input id=\"vehicle-year-value\" type=\"hidden\" value=\"2008\" data-default=\"2008\"><div class=\"cost-calculator-cost-slider\" data-value=\"2008\" data-step=\"1\" data-min=\"1990\" data-max=\"2015\" data-input=\"vehicle-year\" data-value-input=\"vehicle-year-value\" data-price=\"1\"><\/div>\r\n\t\t<\/div>\r\n\t<\/div>[\/vc_column_inner][vc_column_inner width=&#8220;1\/3&#8243;]<div class=\"cost-calculator-box cost-calculator-clearfix\"><label>VEHICLE MAKE<\/label>\r\n\t\t<input type=\"hidden\" name=\"vehicle-make-label\" value=\"VEHICLE MAKE\"><select name=\"vehicle-make\" id=\"vehicle-make\" class=\"cost-calculator-cost-dropdown\"><option value=\"\" selected=\"selected\">Choose...<\/option><option value=\"General Motors\">General Motors<\/option><option value=\"Land Rover\">Land Rover<\/option><option value=\"Lexus\">Lexus<\/option><option value=\"Lincoln\">Lincoln<\/option><option value=\"Mazda\">Mazda<\/option><option value=\"Mercedes - Benz\">Mercedes - Benz<\/option><option value=\"Mercury\">Mercury<\/option><option value=\"Mitsubishi\">Mitsubishi<\/option><option value=\"Nissan\">Nissan<\/option><option value=\"Renault\">Renault<\/option><option value=\"Plymouth\">Plymouth<\/option><option value=\"Pontiac Porsche\">Pontiac Porsche<\/option><option value=\"Rover\">Rover<\/option><option value=\"Saab\">Saab<\/option><option value=\"Saleen\">Saleen<\/option><\/select><input type=\"hidden\" class=\"vehicle-make\" name=\"vehicle-make-name\" value=\"Choose...\">\r\n\t<\/div>[\/vc_column_inner][vc_column_inner width=&#8220;1\/3&#8243;]<div class=\"cost-calculator-box cost-calculator-clearfix\"><label for=\"vehicle-mileage\">VEHICLE MILEAGE<\/label><input type=\"hidden\" name=\"vehicle-mileage-label\" value=\"VEHICLE MILEAGE\"><input id=\"vehicle-mileage\" class=\"cost-calculator-cost-slider-input type-number cost-calculator-big\" name=\"vehicle-mileage\" type=\"number\" value=\"\" data-value=\"\" placeholder=\"Vehicle Mileage\">\r\n\t\t<\/div>[\/vc_column_inner][\/vc_row_inner][vc_row_inner top_margin=&#8220;page-margin-top&#8220;][vc_column_inner width=&#8220;1\/2&#8243;]<div class=\"cost-calculator-box cost-calculator-clearfix\"><label for=\"appointment-date\">GEW\u00dcNSCHTES DATUM<\/label><input type=\"hidden\" name=\"appointment-date-label\" value=\"GEW\u00dcNSCHTES DATUM\"><div class=\"cost-calculator-datepicker-container\"><span class=\"ui-icon cc-template-arrow-vertical-3\"><\/span><input id=\"appointment-date\" class=\"cost-calculator-cost-slider-input type-date cost-calculator-big\" name=\"appointment-date\" type=\"type-date\" value=\"\" data-value=\"\" placeholder=\"Bitte ausw\u00e4hlen...\">\r\n\t\t<\/div><\/div><div class=\"cost-calculator-box cost-calculator-clearfix page-margin-top\"><label>BEVORZUGTE UHRZEIT<\/label>\r\n\t\t<input type=\"hidden\" name=\"time-frame-label\" value=\"BEVORZUGTE UHRZEIT\"><select name=\"time-frame\" id=\"time-frame\" class=\"cost-calculator-cost-dropdown\"><option value=\"\" selected=\"selected\">Bitte ausw\u00e4hlen...<\/option><option value=\"Vormittags 09-12 Uhr\">Vormittags 09-12 Uhr<\/option><option value=\"Nachmittags 12-17 Uhr\">Nachmittags 12-17 Uhr<\/option><option value=\"Abends 17-20 Uhr\">Abends 17-20 Uhr<\/option><option value=\"Anderer Wunsch (Bitte im Mitteilungsfeld angeben)\">Anderer Wunsch (Bitte im Mitteilungsfeld angeben)<\/option><\/select><input type=\"hidden\" class=\"time-frame\" name=\"time-frame-name\" value=\"Bitte ausw\u00e4hlen...\">\r\n\t<\/div><div class=\"cost-calculator-box cost-calculator-clearfix page-margin-top\"><label>F\u00fcr welches Model interessieren Sie sich?<\/label>\r\n\t\t<input type=\"hidden\" name=\"Marke und Modell-label\" value=\"F\u00fcr welches Model interessieren Sie sich?\"><select name=\"Marke und Modell\" id=\"Marke-und-Modell\" class=\"cost-calculator-cost-dropdown\"><option value=\"\" selected=\"selected\">Bitte ausw\u00e4hlen...<\/option><option value=\"Zotye - Allgemein\">Zotye - Allgemein<\/option><option value=\"Baic - Allgemein\">Baic - Allgemein<\/option><option value=\"Baic Senova D20\">Baic Senova D20<\/option><option value=\"Baic Senova X25\">Baic Senova X25<\/option><option value=\"Baic Senova X35\">Baic Senova X35<\/option><option value=\"Baic Senova X55\">Baic Senova X55<\/option><option value=\"Baic BJ20 Luxury\">Baic BJ20 Luxury<\/option><option value=\"Baic B40 4x4\">Baic B40 4x4<\/option><option value=\"Baic B40 L 4x4 Elite\">Baic B40 L 4x4 Elite<\/option><option value=\"Zotye T300 SUV Prestige MT\">Zotye T300 SUV Prestige MT<\/option><option value=\"Zotye T300 SUV Prestige CVT\">Zotye T300 SUV Prestige CVT<\/option><option value=\"Zotye T600 Sport SUV Royal AT\">Zotye T600 Sport SUV Royal AT<\/option><\/select><input type=\"hidden\" class=\"Marke-und-Modell\" name=\"Marke und Modell-name\" value=\"Bitte ausw\u00e4hlen...\">\r\n\t<\/div>[\/vc_column_inner][vc_column_inner width=&#8220;1\/2&#8243;]<div class=\"vc_row wpb_row vc_inner cost-calculator-contact-box\"><div class=\"vc_row wpb_row vc_inner\"><label>KONTAKTDETAILS<\/label><\/div><div class=\"vc_row wpb_row vc_inner cost-calculator-flex-box\"><fieldset class=\"vc_col-sm-6 wpb_column vc_column_container\">\r\n\t\t\t<div class=\"cost-calculator-block\">\r\n\t\t\t\t\r\n\t\t\t\t<input name=\"name\" type=\"text\" value=\"\" data-required=\"1\" placeholder=\"Name *\">\r\n\t\t\t<\/div>\r\n\t\t\t<div class=\"cost-calculator-block\">\r\n\t\t\t\t\r\n\t\t\t\t<input name=\"email\" type=\"text\" value=\"\" data-required=\"1\" placeholder=\"E-Mail *\">\r\n\t\t\t<\/div>\r\n\t\t\t<div class=\"cost-calculator-block\">\r\n\t\t\t\t\r\n\t\t\t\t<input name=\"phone\" type=\"text\" value=\"\" placeholder=\"Telefon\">\r\n\t\t\t<\/div>\r\n\t\t<\/fieldset>\r\n\t\t<fieldset class=\"vc_col-sm-6 wpb_column vc_column_container\">\r\n\t\t\t<div class=\"cost-calculator-block cost-calculator-textarea-block\">\r\n\t\t\t\t\r\n\t\t\t\t<textarea name=\"message\" placeholder=\"Optionale Mitteilung\"><\/textarea>\r\n\t\t\t<\/div>\r\n\t\t<\/fieldset><\/div><\/div>\r\n\t<div class=\"vc_row wpb_row vc_inner cost-calculator-contact-box-submit-container\"><input type=\"hidden\" name=\"action\" value=\"cost_calculator_form\">\r\n\t\t<input type=\"hidden\" name=\"type\" value=\"calculator\"><div class=\"vc_row wpb_row vc_inner\">\r\n\t\t\t<a class=\"cost-calculator-more cost-calculator-submit-form\" href=\"#\" title=\"Anfrage jetzt senden!\"><span>Anfrage jetzt senden!<\/span><\/a>\r\n\t\t<\/div><\/div>[\/vc_column_inner][\/vc_row_inner][\/vc_column][\/vc_row]<\/p>\n","protected":false},"excerpt":{"rendered":"<p>[vc_row top_margin=&#8220;page-margin-top&#8220;][vc_column][vc_column_text el_class=&#8220;description align-center&#8220;]Hier k\u00f6nnen Sie ganz bequem weiteres Informationsmaterial anfordern und ein Probefahrttermin vereinbaren. Nach \u00dcberpr\u00fcfung und Verf\u00fcgbarkeit des gew\u00fcnschten Fahrzeugs werden wir uns schnellstm\u00f6glich mit Ihnen in Verbindung setzen.[\/vc_column_text][\/vc_column][\/vc_row][vc_row type=&#8220;cost-calculator-container&#8220; top_margin=&#8220;page-margin-top&#8220; el_class=&#8220;padding-bottom-66&#8243;][vc_column][vc_row_inner disable_element=&#8220;yes&#8220;][vc_column_inner width=&#8220;1\/3&#8243;][\/vc_column_inner][vc_column_inner width=&#8220;1\/3&#8243;][\/vc_column_inner][vc_column_inner width=&#8220;1\/3&#8243;][\/vc_column_inner][\/vc_row_inner][vc_row_inner top_margin=&#8220;page-margin-top&#8220;][vc_column_inner width=&#8220;1\/2&#8243;][\/vc_column_inner][vc_column_inner width=&#8220;1\/2&#8243;][\/vc_column_inner][\/vc_row_inner][\/vc_column][\/vc_row]<\/p>\n","protected":false},"author":1,"featured_media":0,"parent":0,"menu_order":0,"comment_status":"closed","ping_status":"closed","template":"template-default-without-breadcrumbs.php","meta":[],"folder":[],"_links":{"self":[{"href":"https:\/\/www.stonis-garage.de\/index.php?rest_route=\/wp\/v2\/pages\/880"}],"collection":[{"href":"https:\/\/www.stonis-garage.de\/index.php?rest_route=\/wp\/v2\/pages"}],"about":[{"href":"https:\/\/www.stonis-garage.de\/index.php?rest_route=\/wp\/v2\/types\/page"}],"author":[{"embeddable":true,"href":"https:\/\/www.stonis-garage.de\/index.php?rest_route=\/wp\/v2\/users\/1"}],"replies":[{"embeddable":true,"href":"https:\/\/www.stonis-garage.de\/index.php?rest_route=%2Fwp%2Fv2%2Fcomments&post=880"}],"version-history":[{"count":18,"href":"https:\/\/www.stonis-garage.de\/index.php?rest_route=\/wp\/v2\/pages\/880\/revisions"}],"predecessor-version":[{"id":1698,"href":"https:\/\/www.stonis-garage.de\/index.php?rest_route=\/wp\/v2\/pages\/880\/revisions\/1698"}],"wp:attachment":[{"href":"https:\/\/www.stonis-garage.de\/index.php?rest_route=%2Fwp%2Fv2%2Fmedia&parent=880"}],"wp:term":[{"taxonomy":"folder","embeddable":true,"href":"https:\/\/www.stonis-garage.de\/index.php?rest_route=%2Fwp%2Fv2%2Ffolder&post=880"}],"curies":[{"name":"wp","href":"https:\/\/api.w.org\/{rel}","templated":true}]}}