{"id":1775,"date":"2018-08-19T18:56:58","date_gmt":"2018-08-19T16:56:58","guid":{"rendered":"https:\/\/www.stonis-garage.de\/?page_id=1775"},"modified":"2018-10-04T19:39:14","modified_gmt":"2018-10-04T17:39:14","slug":"impressum","status":"publish","type":"page","link":"https:\/\/www.stonis-garage.de\/?page_id=1775","title":{"rendered":"Impressum"},"content":{"rendered":"<p>[vc_row][vc_column][vc_column_text]Stonis Garage GmbH<br \/>\nSontheimer Feld 6-8<br \/>\n74388 Talheim<\/p>\n<p>Telefon: 07133 &#8211; 22 99 96<br \/>\nE-Mail: stonis-garage@t-online.de<\/p>\n<p>Amtsgericht-Registergericht Stuttgart, HRB 724610<\/p>\n<p>Gesch\u00e4ftsf\u00fchrer: J\u00fcrgen Steinbrecher<\/p>\n<p>Angaben gem\u00e4\u00df \u00a7 5 TMG und \u00a7 10 Abs. 3 MDStV<br \/>\nInhaltlich und redaktionell verantwortlich ist J\u00fcrgen Steinbrecher.<\/p>\n<p>Umsatzsteuer-Identifikationsnummer gem\u00e4\u00df \u00a727a UStG<br \/>\nUst.-IDNr: DE-257590104<\/p>\n<p>Steuernummer: 65205\/36704<\/p>\n<p>Haftungshinweis<br \/>\nTrotz sorgf\u00e4ltiger inhaltlicher Kontrolle \u00fcbernehmen wir keine Haftung f\u00fcr die Inhalte externer Links. F\u00fcr den Inhalt der verlinkten Seiten sind ausschlie\u00dflich deren Betreiber verantwortlich.<\/p>\n<p>Marken- und Warenzeichen<br \/>\nAlle genannten und gezeigten Marken- oder Warenzeichen sind eingetragene Marken oder eingetragene Warenzeichen ihrer jeweiligen Eigent\u00fcmer. Marken- oder Warenzeichen wurden in der Regel nicht als solche kenntlich gemacht. Das Fehlen einer solchen Kennzeichnung bedeutet nicht, dass es sich um einen freien Namen im Sinne des Waren- und Markenzeichenrechts handelt.[\/vc_column_text][\/vc_column][\/vc_row]<\/p>\n","protected":false},"excerpt":{"rendered":"<p>[vc_row][vc_column][vc_column_text]Stonis Garage GmbH Sontheimer Feld 6-8 74388 Talheim Telefon: 07133 &#8211; 22 99 96 E-Mail: stonis-garage@t-online.de Amtsgericht-Registergericht Stuttgart, HRB 724610 Gesch\u00e4ftsf\u00fchrer: J\u00fcrgen Steinbrecher Angaben gem\u00e4\u00df \u00a7 5 TMG und \u00a7 10 Abs. 3 MDStV Inhaltlich und redaktionell verantwortlich ist J\u00fcrgen Steinbrecher. Umsatzsteuer-Identifikationsnummer gem\u00e4\u00df \u00a727a UStG Ust.-IDNr: DE-257590104 Steuernummer: 65205\/36704 Haftungshinweis Trotz sorgf\u00e4ltiger inhaltlicher Kontrolle \u00fcbernehmen<\/p>\n","protected":false},"author":1,"featured_media":0,"parent":0,"menu_order":0,"comment_status":"closed","ping_status":"closed","template":"","meta":[],"folder":[],"_links":{"self":[{"href":"https:\/\/www.stonis-garage.de\/index.php?rest_route=\/wp\/v2\/pages\/1775"}],"collection":[{"href":"https:\/\/www.stonis-garage.de\/index.php?rest_route=\/wp\/v2\/pages"}],"about":[{"href":"https:\/\/www.stonis-garage.de\/index.php?rest_route=\/wp\/v2\/types\/page"}],"author":[{"embeddable":true,"href":"https:\/\/www.stonis-garage.de\/index.php?rest_route=\/wp\/v2\/users\/1"}],"replies":[{"embeddable":true,"href":"https:\/\/www.stonis-garage.de\/index.php?rest_route=%2Fwp%2Fv2%2Fcomments&post=1775"}],"version-history":[{"count":4,"href":"https:\/\/www.stonis-garage.de\/index.php?rest_route=\/wp\/v2\/pages\/1775\/revisions"}],"predecessor-version":[{"id":1862,"href":"https:\/\/www.stonis-garage.de\/index.php?rest_route=\/wp\/v2\/pages\/1775\/revisions\/1862"}],"wp:attachment":[{"href":"https:\/\/www.stonis-garage.de\/index.php?rest_route=%2Fwp%2Fv2%2Fmedia&parent=1775"}],"wp:term":[{"taxonomy":"folder","embeddable":true,"href":"https:\/\/www.stonis-garage.de\/index.php?rest_route=%2Fwp%2Fv2%2Ffolder&post=1775"}],"curies":[{"name":"wp","href":"https:\/\/api.w.org\/{rel}","templated":true}]}}